{"id":11,"date":"2012-09-18T09:39:00","date_gmt":"2012-09-18T09:39:00","guid":{"rendered":"http:\/\/www.subverso.es\/?page_id=11"},"modified":"2020-07-19T12:28:27","modified_gmt":"2020-07-19T12:28:27","slug":"quienes-somos","status":"publish","type":"page","link":"http:\/\/www.subverso.es\/?page_id=11","title":{"rendered":"\u00bfQui\u00e9nes somos?"},"content":{"rendered":"<p>SUBVERSO\u00a0 (ISSN en tr\u00e1mite) es una revista de actualidad, de periodicidad mensual, editada desde Valladolid por la <a href=\"http:\/\/www.catedramdelibes.es\/\" target=\"_blank\">C\u00e1tedra Miguel Delibes<\/a>, con un objetivo fundamental: servir a la difusi\u00f3n internacional de la cultura en lengua espa\u00f1ola. Pretende ser\u00a0 una publicaci\u00f3n cosmopolita y trasatl\u00e1ntica, dentro de una exigencia marcada por el rigor y la libertad.<\/p>\n<p>SUBVERSO se abre a todos y no pretende difundir o crear un estado de opini\u00f3n, sino reflejar los gustos e inquietudes de nuestros lectores y colaboradores. Ellos ser\u00e1n los que, con sus comentarios y votos, definir\u00e1n el perfil y futuro de cada una de sus p\u00e1ginas.<\/p>\n<blockquote><p>\u00a0<a href=\"http:\/\/www.subverso.es\/?page_id=669\" target=\"_blank\">Aviso legal<\/a><\/p><\/blockquote>\n<h1>Consejo Editorial<\/h1>\n<p><strong>Fundador:<\/strong><\/p>\n<p>Javier Blasco (Universidad de Valladolid)<\/p>\n<p><strong>Directoras: <\/strong><\/p>\n<p>Carmen Mor\u00e1n (Universidad de Valladolid y C\u00e1tedra Miguel Delibes)<\/p>\n<p>Mar\u00eda Pilar Celma (C\u00e1tedra Miguel Delibes),<\/p>\n<p><strong>Directora adjunta: <\/strong><\/p>\n<p>Patricia Mar\u00edn Cepeda (Universidad de Valladolid)<\/p>\n<p><strong>Jefe de Redacci\u00f3n Secci\u00f3n Actualidad:<\/strong><\/p>\n<p>Jes\u00fas Antonio Zalama (Universidad de Valladolid)<\/p>\n<p><strong>Responsable de Redes sociales:<\/strong><\/p>\n<p>Marta Valsero\u00a0 (Fundaci\u00f3n Jorge Guill\u00e9n)<\/p>\n<p><strong>Gestor y Administrador de Word Press:<\/strong><\/p>\n<p>Jes\u00fas Antonio Zalama (Universidad de Valladolid)<\/p>\n<p><strong>Comit\u00e9 de redacci\u00f3n:<\/strong><\/p>\n<p>Jos\u00e9 Ram\u00f3n Gonz\u00e1lez (C\u00e1tedra Miguel Delibes), Carmen Mor\u00e1n (Universidad de Valladolid), Juan Varo (Universidad de Granada), Marta Valsero (Fundaci\u00f3n Jorge Guill\u00e9n), Casilda Garc\u00eda Archilla (pintora), Daniel R. Fern\u00e1ndez (Academia Norteamiericana de la Lengua Espa\u00f1ola), Inmaculada Rodr\u00edguez (Universidad de Tarragona), Cristina\u00a0 Guti\u00e9rrez (Universidad de Valladolid), Jorge Praga.<\/p>\n<p><strong>Consejo Asesor:<\/strong><\/p>\n<p>Amelina Correa Ram\u00f3n (Universidad de Granada), Francisco Javier D\u00edez de Revenga (Universidad de Murcia), Adolfo Sotelo (Universdiad de Barcelona), Gerardo Pi\u00f1a-Rosales (Academia Norteamericana de la Lengua Espa\u00f1ola), Francisco D\u00edaz de Castro (Universitat des Iles Balears) , Ang\u00e9lica Tanarro (Periodista), Andr\u00e9s Soria Olmedo (Universidad de Granada), Manuel \u00c1ngel V\u00e1zquez Medel (Universidad de Sevilla), Margarita Santos Saz (Universidad de Santiago de Compostela), Mar\u00eda Luisa Sotelo (Universdiad de Barcelona), Emilio de Miguel Mart\u00ednez (Universidad de Salamanca).<\/p>\n<p><strong>Corresponsal para Literatura vasca:<\/strong><\/p>\n<p>Cristina Guti\u00e9rrez (<strong><a href=\"&#x6d;a&#x69;&#108;t&#x6f;:&#x63;&#103;u&#x74;i&#x65;&#114;r&#x65;z&#x40;&#x6c;e&#x74;&#46;u&#x76;a&#x2e;&#101;s\" target=\"_blank\">cg&#x75;&#x74;&#x69;er&#114;&#x65;&#x7a;&#64;l&#101;&#x74;&#x2e;uv&#97;&#x2e;&#x65;&#x73;)<\/a><\/strong><\/p>\n<p><strong>Corresponsal en Catalu\u00f1a:<\/strong><\/p>\n<p>Inmaculada Rodr\u00edguez Moranta (<a href=\"&#x6d;&#97;i&#x6c;&#x74;o:&#x69;&#x6e;ma&#x72;&#111;d&#x72;&#x69;&#103;u&#x65;&#x7a;mo&#x72;&#97;n&#x74;&#x61;&#64;g&#x6d;&#x61;il&#x2e;&#99;om\" target=\"_blank\">inmarodriguezmoranta@gmail.<wbr \/>com<\/a>)<\/p>\n<p><strong>Corresponsal para Iberoam\u00e9rica:<\/strong><\/p>\n<p>Paola Cadena (<a href=\"&#97;&#x6d;&#101;&#x6c;&#105;&#x65;.&#x74;a&#x67;u&#x73;&#64;&#x67;m&#x61;i&#x6c;.&#x63;o&#x6d;\">amelie.ta&#103;&#117;&#115;&#64;&#x67;&#x6d;&#x61;&#x69;&#x6c;&#x2e;&#x63;&#x6f;&#x6d;<\/a>)<\/p>\n<p><strong>Responsable de Artes pl\u00e1sticas:<\/strong><\/p>\n<p>Casilda Garc\u00eda Archilla,<\/p>\n<p><strong><strong>Responsable de<\/strong> Fotograf\u00eda<\/strong>:<\/p>\n<p>Jos\u00e9 Carlos Blasco<\/p>\n","protected":false},"excerpt":{"rendered":"<p>SUBVERSO\u00a0 (ISSN en tr\u00e1mite) es una revista de actualidad, de periodicidad mensual, editada desde Valladolid por la C\u00e1tedra Miguel Delibes, con un objetivo fundamental: servir a la difusi\u00f3n internacional de la cultura en lengua espa\u00f1ola. Pretende ser\u00a0 una publicaci\u00f3n cosmopolita y trasatl\u00e1ntica, dentro de una exigencia marcada por el rigor y la libertad. SUBVERSO se abre a todos y no pretende difundir o crear un estado de opini\u00f3n, sino reflejar los gustos e inquietudes de nuestros lectores y colaboradores. Ellos ser\u00e1n los que, con sus comentarios y votos, definir\u00e1n el perfil y futuro de cada una de sus p\u00e1ginas. \u00a0Aviso legal Consejo Editorial Fundador: Javier Blasco (Universidad de Valladolid) Directoras: Carmen Mor\u00e1n (Universidad de Valladolid y C\u00e1tedra Miguel Delibes) Mar\u00eda Pilar Celma (C\u00e1tedra Miguel Delibes), Directora adjunta: Patricia Mar\u00edn Cepeda (Universidad de Valladolid) Jefe de Redacci\u00f3n Secci\u00f3n Actualidad: Jes\u00fas Antonio Zalama (Universidad de Valladolid) Responsable de Redes sociales: Marta Valsero\u00a0 (Fundaci\u00f3n Jorge Guill\u00e9n) Gestor y Administrador de Word Press: Jes\u00fas Antonio Zalama (Universidad de Valladolid) Comit\u00e9 de redacci\u00f3n: Jos\u00e9 Ram\u00f3n Gonz\u00e1lez (C\u00e1tedra Miguel Delibes), Carmen Mor\u00e1n (Universidad de Valladolid), Juan Varo (Universidad de Granada), Marta Valsero (Fundaci\u00f3n Jorge Guill\u00e9n), Casilda Garc\u00eda Archilla (pintora), Daniel R. Fern\u00e1ndez (Academia Norteamiericana de la [&hellip;]<\/p>\n","protected":false},"author":2219,"featured_media":0,"parent":0,"menu_order":0,"comment_status":"open","ping_status":"open","template":"","meta":{"ngg_post_thumbnail":0},"_links":{"self":[{"href":"http:\/\/www.subverso.es\/index.php?rest_route=\/wp\/v2\/pages\/11"}],"collection":[{"href":"http:\/\/www.subverso.es\/index.php?rest_route=\/wp\/v2\/pages"}],"about":[{"href":"http:\/\/www.subverso.es\/index.php?rest_route=\/wp\/v2\/types\/page"}],"author":[{"embeddable":true,"href":"http:\/\/www.subverso.es\/index.php?rest_route=\/wp\/v2\/users\/2219"}],"replies":[{"embeddable":true,"href":"http:\/\/www.subverso.es\/index.php?rest_route=%2Fwp%2Fv2%2Fcomments&post=11"}],"version-history":[{"count":44,"href":"http:\/\/www.subverso.es\/index.php?rest_route=\/wp\/v2\/pages\/11\/revisions"}],"predecessor-version":[{"id":3966,"href":"http:\/\/www.subverso.es\/index.php?rest_route=\/wp\/v2\/pages\/11\/revisions\/3966"}],"wp:attachment":[{"href":"http:\/\/www.subverso.es\/index.php?rest_route=%2Fwp%2Fv2%2Fmedia&parent=11"}],"curies":[{"name":"wp","href":"https:\/\/api.w.org\/{rel}","templated":true}]}}