{"id":223,"date":"2013-02-16T20:07:52","date_gmt":"2013-02-16T20:07:52","guid":{"rendered":"http:\/\/www.subverso.es\/?page_id=223"},"modified":"2014-05-20T22:41:52","modified_gmt":"2014-05-20T22:41:52","slug":"enlaces","status":"publish","type":"page","link":"http:\/\/www.subverso.es\/?page_id=223","title":{"rendered":"ENLACES"},"content":{"rendered":"<p><strong>Portales<\/strong><\/p>\n<ul>\n<li><strong><a href=\"httphttp:\/\/www.elcastellano.org\/literatu.html:\/\/\" target=\"_blank\">La p\u00e1gina del espa\u00f1ol<\/a>,<\/strong> p\u00e1ginas y revistas literarias, \u00e9pocas y autores, p\u00e1ginas cervantinas. Desde La P\u00e1gina del Idioma Espa\u00f1ol.<\/li>\n<li><a href=\"http:\/\/www.cervantesvirtual.com\/portal\/exilio\/\" target=\"_blank\"><b>Biblioteca del exilio<\/b><\/a><br \/>\nSitio especializado en el exilio republicano espa\u00f1ol de 1939. Recopilaci\u00f3n de textos de escritores del exilio e investigaciones y ponencias de congresos sobre este tema. Recoge un cat\u00e1logo ordenado por t\u00edtulos y autores, adem\u00e1s de bibliograf\u00eda, hemeroteca, fonoteca, banco de im\u00e1genes y enlaces. Incluye materiales in\u00e9ditos de fondos particulares. Promovido por la Red de Estudios y Difusi\u00f3n del Exilio Republicano, el Grupo de Estudios del Exilio Literario y la Biblioteca Virtual Miguel de Cervantes.<\/li>\n<\/ul>\n<p><strong>Recursos para escritores<\/strong><\/p>\n<ul>\n<li><a href=\"http:\/\/www.guiadeconcursos.com\/\"><b>Gu\u00eda de concursos literarios<\/b><\/a><br \/>\nP\u00e1gina que proporciona informaci\u00f3n sobre concursos literarios con la intenci\u00f3n de dar a conocer a escritores noveles. Se pueden buscar por g\u00e9neros (cuento, novela, poes\u00eda\u2026), as\u00ed como fallos de concursos pasados. Incluye las bases de todos ellos.<\/li>\n<\/ul>\n<ul>\n<li><a href=\"http:\/\/www.inlibris.com\/\" target=\"_blank\"><b>Inlibris &#8211; El directorio literario en Badosa.com<\/b><\/a><br \/>\nDirectorio de recursos literarios en Internet: textos electr\u00f3nicos, escritores, libros, revistas, premios, editores, talleres, g\u00e9neros, diccionarios, librer\u00edas, hipertextos y otras p\u00e1ginas relacionadas con la literatura. En espa\u00f1ol, catal\u00e1n e ingl\u00e9s.<\/li>\n<\/ul>\n<ul>\n<li><strong><strong><a href=\"http:\/\/www.redescritoresespa.com\/\" target=\"_blank\">Red mundial de escritores en espa\u00f1ol<\/a>,<\/strong> <\/strong>lugar de consulta para escritores en espa\u00f1ol \u00aben cuanto a su bio-bibliograf\u00eda general: revistas, portales literarios, Instituciones culturales; y herramienta colaborativa para luchar contra el fen\u00f3meno del plagio.<\/li>\n<\/ul>\n<ul>\n<li><a href=\"http:\/\/www.rae.es\/rae\/gestores\/gespub000039.nsf\/%28voanexos%29\/arch6947C6DBCDECF191C1257800004EF7D9\/$FILE\/InteriorOrtografia.pdf\" target=\"_blank\"><b>ORTOGRAF\u00cdA<\/b><\/a><br \/>\n<b>\u00a0<\/b><\/li>\n<li><strong><a href=\"http:\/\/www.datsi.fi.upm.es\/~coes\/interactivo.html\" target=\"_blank\">Correctores ortogr\u00e1ficos y diccionarios de sin\u00f3nimos<\/a><\/strong><\/li>\n<\/ul>\n<p><strong>Po\u00e9ticas<\/strong><\/p>\n<ul>\n<li><a href=\"http:\/\/www.poeticas.com.ar\/\" target=\"_blank\"><b>Po\u00e9ticas<\/b><\/a><br \/>\nWeb dedicada a la poes\u00eda que consta de una extensa antolog\u00eda, principalmente hispanoamericana y espa\u00f1ola. Se puede acceder a los poemarios completos por pa\u00eds y dentro de \u00e9ste por autor.<\/li>\n<\/ul>\n<p><strong>Bibliotecas<\/strong><\/p>\n<ul>\n<li><a href=\"http:\/\/www.tiflolibros.com.ar\/\" target=\"_blank\"><b>Tiflolibros &#8211; Libros electr\u00f3nicos para ciegos<\/b><\/a><br \/>\nBiblioteca digital para ciegos y deficientes visuales de habla hispana. Con m\u00e1s de ocho mil libros, el acceso es mediante suscripci\u00f3n. Posibilidad de acceder a materiales para facilitar el estudio a los ciegos (textos en braille, grabaciones en casetes). Proyecto coordinado desde la Universidad de Buenos Aires (Argentina) en el que participan varios pa\u00edses de Europa y Am\u00e9rica.<\/li>\n<\/ul>\n<p><strong>Revistas literarias<\/strong><\/p>\n<ul>\n<li><strong><a href=\"http:\/\/www.letralia.com\" target=\"_blank\"><b>Letralia,<\/b> Tierra de Letras<\/a>, <\/strong>es la primera revista literaria publicada en Internet desde Venezuela, pa\u00eds con un gran legado literario pero con pocas oportunidades para la difusi\u00f3n de la obra de los escritores actuales, especialmente los j\u00f3venes. Adem\u00e1s de ser una opci\u00f3n para quienes, en Venezuela y en otros pa\u00edses del \u00e1mbito de habla hispana, desean que otras personas lean sus escritos, Letralia es un proyecto comunicacional de <a href=\"http:\/\/www.letralia.com\/jgomez\/index.htm\" target=\"_blank\">Jorge G\u00f3mez Jim\u00e9nez<\/a> que intenta experimentar las posibilidades de divulgaci\u00f3n que se pueden aprovechar en la red inform\u00e1tica Internet.<strong><br \/>\n<\/strong><\/li>\n<\/ul>\n<ul>\n<li><strong> <a href=\"http:\/\/www.fronterad.com\" target=\"_blank\">Fronterad<\/a>,<\/strong> se define como una revista de momento solo digital, con sede en la nube, centrada en el periodismo narrativo, la cr\u00f3nica y el ensayo (porque duda de que muchas noticias lo sean en realidad), y que intenta explicarse el mundo y explic\u00e1rselo a quien se haga preguntas: una inmensa minor\u00eda, tal vez. Especialmente interesantes \u2013en relaci\u00f3n con las preocupaciones de SUBVERSO, son sus secciones <a href=\"http:\/\/www.fronterad.com\/?q=brujula-n2\">br\u00fajula<\/a> agenda cultural internacional, <a href=\"http:\/\/www.fronterad.com\/?q=arpa\">arpa<\/a> vidas y relatos, un \u00e1rbol con varias ramas: perfiles, cu\u00e9ntame, autorretratos, postales, portafolio, en su salsa y c\u00f3mic. Y memorable (adem\u00e1s de compartible) es tambi\u00e9n su M<a href=\"http:\/\/www.fronterad.com\/?q=deontologia\" target=\"_blank\">anual de deontolog\u00eda y buenas pr\u00e1cticas.<\/a><\/li>\n<\/ul>\n<ul>\n<li><a href=\"http:\/\/www.utpa.edu\/dept\/modlang\/hipertexto\/hiperIssues.htm\" target=\"_blank\"><strong><em>Hipertexto<\/em><\/strong><\/a> (ISSN 1553-3018) es una revista electr\u00f3nica semestral que publica art\u00edculos y notas acerca de las lenguas, las literaturas y las culturas hisp\u00e1nicas, latinoamericanas y latino-estadounidenses. Tambi\u00e9n da cabida a trabajos de ling\u00fc\u00edstica y teor\u00eda literaria general, entrevistas, y rese\u00f1as de libros y pel\u00edculas. Se aceptan trabajos tanto de investigadores acad\u00e9micos como independientes. La revista dar\u00e1 preferencia a los trabajos con aportaciones y enfoques originales y acepta textos tanto en espa\u00f1ol como en ingl\u00e9s. <strong><em>Hipertexto<\/em><\/strong> est\u00e1 patrocinada y mantenida por el Departamento de Lenguas y Literatura Modernas de la Universidad de Texas-Pan American. <strong><em>Hipertexto<\/em><\/strong> aparece listado en el directorio de revistas de la MLA y los art\u00edculos y notas se recogen igulamente en la bibliograf\u00eda internacional de la MLA.<\/li>\n<\/ul>\n<ul>\n<li><a href=\"http:\/\/www.letraslibres.com\/\" target=\"_blank\">\u00a0<em><strong>Letras Libres<\/strong> <\/em><\/a>Letras Libres es una revista mensual de cr\u00edtica y creaci\u00f3n, fundada en 1999 y heredera de la tradici\u00f3n y el \u00e1nimo de la revista Vuelta fundada por Octavio Paz. Con dos ediciones, una en M\u00e9xico y otra en Espa\u00f1a, Letras Libres convoca a las mentes m\u00e1s l\u00facidas para abordar en sus p\u00e1ginas los temas necesarios y urgentes del debate global y al mismo tiempo ofrecer a sus lectores muestras de la mejor prosa y poes\u00eda. Este sitio de internet fue primero un archivo digital de la revista impresa y con el tiempo se fue convirtiendo en un espacio con una propuesta amplia de contenidos y una gran diversidad de intereses, voces y maneras de expresi\u00f3n.<\/li>\n<\/ul>\n<ul>\n<li>\u00a0<a href=\"http:\/\/dsph.uiowa.edu\/iowa-literaria\/\"><b><i>Iowa Literaria<\/i><\/b><\/a> es la revista web del programa MFA en Escritura Creativa del\u00a0Departamento de Espa\u00f1ol y Portugu\u00e9s de la Universidad de Iowa. Se produce gracias al\u00a0apoyo y como parte de la iniciativa del Digital Studio for Public Humanities.\u00a0La revista ha sido concebida como un espacio de reflexi\u00f3n sobre los retos\u00a0y las posibilidades de la escritura creativa, y para difundir la obra de\u00a0escritores, profesores y alumnos del programa. La revista\u00a0pretende ser un punto de referencia sobre la literatura en lengua espa\u00f1ola\u00a0que se produce en Estados Unidos y en otras regiones; tambi\u00e9n tiene el\u00a0prop\u00f3sito de establecer puentes con la creciente comunidad hispano hablante\u00a0en el Estado de Iowa. La revista forma parte del abanico de programas y\u00a0publicaciones gracias a los cuales la UNESCO ha designado a Iowa City como \u201cCiudad de la Literatura\u201d.<\/li>\n<\/ul>\n<ul>\n<li><strong><a href=\"http:\/\/www.palabrasdiversas.com\/\" target=\"_blank\">Palabras diversas<\/a><\/strong><\/li>\n<\/ul>\n<ul>\n<li><strong>\u00a0<a href=\"http:\/\/www.cafeliterario.com\/\" target=\"_blank\">Caf\u00e9 con Letras<\/a><\/strong><\/li>\n<\/ul>\n<p><strong>Blogs<\/strong><\/p>\n<ul>\n<li><strong><a href=\"http:\/\/www.monografias.com\/\/usuario\/perfiles\/mora_torres\" target=\"_blank\">El blog de Mora Torres en Monograf\u00edas.com<\/a><\/strong><\/li>\n<li>\u00a0<a href=\"http:\/\/www.escritoras.com\/\" target=\"_blank\"><b>Escritoras.com<\/b><\/a><br \/>\nPortal dedicado a la literatura en castellano escrita por mujeres. Tiene un \u00edndice de nombres, seud\u00f3nimos y apellidos que remite a una semblanza biogr\u00e1fica y bibliograf\u00eda de cada autora, y una revista con noticias, entrevistas y convocatorias de premios, una secci\u00f3n de novedades de libros y otra de enlaces. Archivo de n\u00fameros anteriores.<\/li>\n<li><strong><a title=\"American Poetry Today\" href=\"http:\/\/americanpoetrytoday.wordpress.com\/\" rel=\"home\">American Poetry Today<\/a><\/strong> tiene una secci\u00f3n dedicada a <a href=\"http:\/\/americanpoetrytoday.wordpress.com\" target=\"_blank\">Best Lines of Latino\u00a0Poetry <\/a><\/li>\n<li><a href=\"http:\/\/diariopoliticoyliterario.blogspot.com.es\" target=\"_blank\"><strong>Diario pol\u00edtico y literario<\/strong><\/a>: Revista \u00c1GORA de cr\u00edtica y creaci\u00f3n literarias.<\/li>\n<li><b><a href=\"http:\/\/unahogueraparaqueardagoya.blogspot.com.es\/\">Una hoguera para que arda Goya<\/a>. <\/b>Un blog con un premio muy merecido.<\/li>\n<li><strong><a href=\"http:\/\/www.facebook.com\/pages\/Literatura-1\/165647096823040\" target=\"_blank\">Literatura +1<\/a><\/strong><\/li>\n<li><a href=\"http:\/\/el-librero.tumblr.com\/\" target=\"_blank\"><strong>El librero<\/strong><\/a><\/li>\n<li><strong><a href=\"http:\/\/quenosenada.blogspot.com.es\" target=\"_blank\">quenos\u00e9nada<\/a><\/strong>: Que no sabemos nada es lo \u00fanico cierto. Que todo es un juego a partir del enga\u00f1o de la construcci\u00f3n de una realidad que no conocemos. Juzgamos, deseamos, queremos, \u00bfpara qu\u00e9?<\/li>\n<\/ul>\n<p>Un rinc\u00f3n para compartir el gusto por la lectura y la Literatura. Compartiremos tambi\u00e9n recomendaciones sobre libros e informaci\u00f3n sobre autores. \u00bb No hay libro tan malo que no contenga algo bueno\u00bb (Miguel de Cervantes).<\/p>\n<p><strong>Bibliograf\u00edas<\/strong><\/p>\n<ul>\n<li><a href=\"http:\/\/ble.chadwyck.co.uk\/\" target=\"_blank\"><b>Bibliograf\u00eda de la Literatura Espa\u00f1ola desde 1980<\/b><\/a><br \/>\nBase de datos bibliogr\u00e1fica en l\u00ednea que ofrece, por suscripci\u00f3n, referencias de obras, ediciones, traducciones y estudios, desde 1980 en adelante, acerca de obras literarias de autores espa\u00f1oles (desde la Edad Media hasta la actualidad) y de los otros pa\u00edses hispanohablantes (hasta la fecha de su independencia).<\/li>\n<\/ul>\n<h2>LINKS PENDIENTES DE DISTRIBUCI\u00d3N POR CATEGOR\u00cdAS<\/h2>\n<p><b>Institute of Germanic &amp; Romance Studies<\/b><br \/>\nhttp:\/\/igrs.sas.ac.uk\/<br \/>\nP\u00e1gina del Institute of Germanic &amp; Romance Studies, organizaci\u00f3n con sede en el Reino Unido dedicada a la investigaci\u00f3n de las lenguas y culturas romances y germ\u00e1nicas y su relaci\u00f3n con otras lenguas y culturas. En esta p\u00e1gina se encuentra informaci\u00f3n general sobre el Instituto y detalles de los seminarios, conferencias, programas de investigaci\u00f3n, etc. organizados por \u00e9ste. En ingl\u00e9s.<\/p>\n<p><b>Las vanguardias literarias del siglo XX<\/b><br \/>\nhttp:\/\/thales.cica.es\/rd\/Recursos\/rd99\/ed99-0055-01\/ed99-0055-01.<span style=\"text-decoration: underline;\"><br \/>\n<\/span>html<br \/>\nEste proyecto did\u00e1ctico es una introducci\u00f3n a las vanguardias del siglo XX: futurismo, dada\u00edsmo, creacionismo\/ultra\u00edsmo y surrealismo. Manifiesto, cuadro hist\u00f3rico, textos y autores de cada movimiento. Incluye una selecci\u00f3n de enlaces.<\/p>\n<p><b>Los poetas<\/b><br \/>\nhttp:\/\/www.los-poetas.com\/<br \/>\nAntolog\u00eda de poes\u00eda de Espa\u00f1a e Hispanoam\u00e9rica. Los poetas est\u00e1n organizados geogr\u00e1ficamente; de cada uno de ellos se incluye una biograf\u00eda y una selecci\u00f3n de sus poemas.<\/p>\n","protected":false},"excerpt":{"rendered":"<p>Portales La p\u00e1gina del espa\u00f1ol, p\u00e1ginas y revistas literarias, \u00e9pocas y autores, p\u00e1ginas cervantinas. Desde La P\u00e1gina del Idioma Espa\u00f1ol. Biblioteca del exilio Sitio especializado en el exilio republicano espa\u00f1ol de 1939. Recopilaci\u00f3n de textos de escritores del exilio e investigaciones y ponencias de congresos sobre este tema. Recoge un cat\u00e1logo ordenado por t\u00edtulos y autores, adem\u00e1s de bibliograf\u00eda, hemeroteca, fonoteca, banco de im\u00e1genes y enlaces. Incluye materiales in\u00e9ditos de fondos particulares. Promovido por la Red de Estudios y Difusi\u00f3n del Exilio Republicano, el Grupo de Estudios del Exilio Literario y la Biblioteca Virtual Miguel de Cervantes. Recursos para escritores Gu\u00eda de concursos literarios P\u00e1gina que proporciona informaci\u00f3n sobre concursos literarios con la intenci\u00f3n de dar a conocer a escritores noveles. Se pueden buscar por g\u00e9neros (cuento, novela, poes\u00eda\u2026), as\u00ed como fallos de concursos pasados. Incluye las bases de todos ellos. Inlibris &#8211; El directorio literario en Badosa.com Directorio de recursos literarios en Internet: textos electr\u00f3nicos, escritores, libros, revistas, premios, editores, talleres, g\u00e9neros, diccionarios, librer\u00edas, hipertextos y otras p\u00e1ginas relacionadas con la literatura. En espa\u00f1ol, catal\u00e1n e ingl\u00e9s. Red mundial de escritores en espa\u00f1ol, lugar de consulta para escritores en espa\u00f1ol \u00aben cuanto a su bio-bibliograf\u00eda general: revistas, portales literarios, [&hellip;]<\/p>\n","protected":false},"author":3,"featured_media":0,"parent":0,"menu_order":0,"comment_status":"open","ping_status":"open","template":"","meta":{"ngg_post_thumbnail":0},"_links":{"self":[{"href":"http:\/\/www.subverso.es\/index.php?rest_route=\/wp\/v2\/pages\/223"}],"collection":[{"href":"http:\/\/www.subverso.es\/index.php?rest_route=\/wp\/v2\/pages"}],"about":[{"href":"http:\/\/www.subverso.es\/index.php?rest_route=\/wp\/v2\/types\/page"}],"author":[{"embeddable":true,"href":"http:\/\/www.subverso.es\/index.php?rest_route=\/wp\/v2\/users\/3"}],"replies":[{"embeddable":true,"href":"http:\/\/www.subverso.es\/index.php?rest_route=%2Fwp%2Fv2%2Fcomments&post=223"}],"version-history":[{"count":36,"href":"http:\/\/www.subverso.es\/index.php?rest_route=\/wp\/v2\/pages\/223\/revisions"}],"predecessor-version":[{"id":2974,"href":"http:\/\/www.subverso.es\/index.php?rest_route=\/wp\/v2\/pages\/223\/revisions\/2974"}],"wp:attachment":[{"href":"http:\/\/www.subverso.es\/index.php?rest_route=%2Fwp%2Fv2%2Fmedia&parent=223"}],"curies":[{"name":"wp","href":"https:\/\/api.w.org\/{rel}","templated":true}]}}