{"id":904,"date":"2013-03-14T23:03:51","date_gmt":"2013-03-14T23:03:51","guid":{"rendered":"http:\/\/www.subverso.es\/?page_id=904"},"modified":"2013-04-01T22:27:31","modified_gmt":"2013-04-01T22:27:31","slug":"indice-marzo-2013","status":"publish","type":"page","link":"http:\/\/www.subverso.es\/?page_id=904","title":{"rendered":"\u00cdndice \u00abMarzo, 2013\u00bb"},"content":{"rendered":"<p><strong>ARTES DE LA PALABRA<\/strong><\/p>\n<p>NARRATIVA<\/p>\n<ul>\n<li><a href=\"http:\/\/www.subverso.es\/?p=774\">Dos microrrelatos y un miniep\u00edlogo<\/a>, por <a href=\"http:\/\/www.subverso.es\/?author=25\">\u00d3scar Esquivias<\/a><\/li>\n<li><a href=\"http:\/\/www.subverso.es\/?p=766\">BLANCORES PARA UN \u00c1NGEL<\/a>, por <a href=\"http:\/\/www.subverso.es\/?author=24\">Jos\u00e9 Jim\u00e9nez Lozano<\/a><\/li>\n<li><a href=\"http:\/\/www.subverso.es\/?p=706\">\u201cLos otros\u201d y \u201cPaisajes en la batalla\u201d<\/a>, por <a href=\"http:\/\/www.subverso.es\/?author=19\">Yolanda Izard<\/a><\/li>\n<li><a href=\"http:\/\/www.subverso.es\/?p=644\">El malec\u00f3n 1975<\/a>, por <a href=\"http:\/\/www.subverso.es\/?author=11\">Pilar Salamanca<\/a><\/li>\n<li><a href=\"http:\/\/www.subverso.es\/?p=638\">\u00c1ngeles arcabuceros<\/a>, por <a href=\"http:\/\/www.subverso.es\/?author=15\">Alice Vel\u00e1zquez-Bellot<\/a><\/li>\n<li><a href=\"http:\/\/www.subverso.es\/?p=567\">Tren<\/a>, por <a href=\"http:\/\/www.subverso.es\/?author=16\">Luis Marig\u00f3mez<\/a><\/li>\n<li><a href=\"http:\/\/www.subverso.es\/?p=241\">La ciudad contempor\u00e1nea para tres millones de habitantes<\/a>, Francisco Silvera<\/li>\n<li><a href=\"http:\/\/www.subverso.es\/?p=940\">El santo ambulante<\/a>, por <a title=\"Posts por Jos\u00e9 Manuel de la Huerga\" href=\"http:\/\/www.subverso.es\/?author=27\">Jos\u00e9 Manuel de la Huerga<\/a><\/li>\n<li><a href=\"http:\/\/www.subverso.es\/?p=935\">Caza<\/a>, por <a title=\"Posts por Alejandro Ruiz\" href=\"http:\/\/www.subverso.es\/?author=28\">Alejandro Ruiz<\/a><\/li>\n<\/ul>\n<p>&nbsp;<\/p>\n<p>POES\u00cdA<\/p>\n<ul>\n<li><a href=\"http:\/\/www.subverso.es\/?p=726\">Poeta, <\/a>\u00a0por <a href=\"http:\/\/www.subverso.es\/?author=20\">Julio Alfredo Egea<\/a><\/li>\n<li><a href=\"http:\/\/www.subverso.es\/?p=659\">HOTEL<\/a>, por <a href=\"http:\/\/www.subverso.es\/?author=12\">Paola Cadena<\/a><\/li>\n<li><a href=\"http:\/\/www.subverso.es\/?p=1174\">Yo soy un gato, t\u00fa un humano<\/a>, por <a href=\"http:\/\/www.catedramdelibes.com\/autores.php?id=50\">Pilar Rubio Montaner<\/a><\/li>\n<\/ul>\n<p>&nbsp;<\/p>\n<p>OTROS G\u00c9NEROS<\/p>\n<ul>\n<li><a href=\"http:\/\/www.subverso.es\/?p=744\">Paseo fantasmal por Salamanca con don Miguel de Unamuno. Parte I<\/a>, por <a href=\"http:\/\/www.subverso.es\/?author=21\">Luis Garc\u00eda Jambrina<\/a><\/li>\n<\/ul>\n<p><strong><br \/>\nARTES DE LA IMAGEN<\/strong><\/p>\n<p>COMIC<\/p>\n<ul>\n<li><a href=\"http:\/\/www.subverso.es\/?p=785\">Marianela, de Gald\u00f3s, en Comic<\/a>, por Rayco Pulido Rodr\u00edguez<\/li>\n<li><a href=\"http:\/\/www.subverso.es\/?p=89\">Esteban Hern\u00e1ndez<\/a><\/li>\n<\/ul>\n<p>PINTURA<\/p>\n<ul>\n<li><a href=\"http:\/\/www.subverso.es\/?p=559\">El huerto de Bustr\u00f3fedon<\/a> por <a href=\"http:\/\/www.subverso.es\/?author=17\">Jorge Praga<\/a><\/li>\n<li><a href=\"http:\/\/www.subverso.es\/?p=555\">Conteniendo el aliento<\/a> por <a href=\"http:\/\/www.subverso.es\/?author=18\">\u00c1ngelica Tanarro<\/a><\/li>\n<\/ul>\n<p>FOTOGRAF\u00cdA<\/p>\n<ul>\n<li><a href=\"http:\/\/www.subverso.es\/?p=227\">Fotograf\u00eda abstracta<\/a> por <a href=\"http:\/\/www.subverso.es\/?author=14\">Jos\u00e9 Carlos Blasco<\/a><\/li>\n<\/ul>\n<p>CINE<\/p>\n<ul>\n<li><a href=\"http:\/\/www.subverso.es\/?p=1176\" target=\"_blank\">Los amantes pasajeros<\/a>, por Jorge Praga<\/li>\n<li><a href=\"http:\/\/www.subverso.es\/?p=1137\" target=\"_blank\">Fin<\/a>, por Juan Varo<\/li>\n<\/ul>\n<p>VIDEO<\/p>\n<ul>\n<li><a href=\"http:\/\/www.subverso.es\/?p=974\" target=\"_blank\">El cambio<\/a>, de Dyer<\/li>\n<\/ul>\n<p>ILUSTRACI\u00d3N<\/p>\n<ul>\n<li><a href=\"http:\/\/www.subverso.es\/?p=952\">La ratita convertida en ni\u00f1a,<\/a> por Mar\u00eda Varela D\u00edez<\/li>\n<\/ul>\n<p><a href=\"http:\/\/www.subverso.es\/wp-content\/uploads\/2013\/03\/Captura-de-pantalla-2013-03-03-a-las-23.37.00.png\"><img loading=\"lazy\" class=\"alignnone size-full wp-image-498\" alt=\"Captura de pantalla 2013-03-03 a la(s) 23.37.00\" src=\"http:\/\/www.subverso.es\/wp-content\/uploads\/2013\/03\/Captura-de-pantalla-2013-03-03-a-las-23.37.00.png\" width=\"134\" height=\"59\" \/><\/a><\/p>\n<p>CULTURA<\/p>\n<ul>\n<li><a href=\"http:\/\/www.subverso.es\/?p=266\">La venta de libros electr\u00f3nicos a bibliotecas<\/a> (pr\u00e9stamo de\u00a0 @ntinomiaslibro)<\/li>\n<\/ul>\n<p>RESE\u00d1AS<\/p>\n<ul>\n<li><a href=\"http:\/\/www.subverso.es\/?p=763\">El r\u00edo del Ed\u00e9n, de Jos\u00e9 Mar\u00eda Merino, y la nostalgia de los cuentos,<\/a> por <a href=\"http:\/\/www.subverso.es\/?author=19\">Yolanda Izard<\/a><\/li>\n<li><a href=\"http:\/\/www.subverso.es\/?p=750\">Intemperie<\/a>, de Jes\u00fas Carrasco. por <a href=\"http:\/\/www.subverso.es\/?author=22\">Cristina Guti\u00e9rrez<\/a><\/li>\n<li><a href=\"http:\/\/www.subverso.es\/?p=653\">Hotel (de Paola Cadena Pardo) o la arriesgada aventura de vivir en la palabra<\/a>, por Javier Blasco<\/li>\n<li><a href=\"http:\/\/www.subverso.es\/?p=327\">POETAS MEXICANOS DEL SIGLO XX, que leemos en el siglo XXI<\/a>, por Javier Blasco<\/li>\n<li><a href=\"http:\/\/www.subverso.es\/?p=1120\">Twist: los fantasmas vascos, al castellano<\/a>, por <a title=\"Posts por Cristina Guti\u00e9rrez\" href=\"http:\/\/www.subverso.es\/?author=22\">Cristina Guti\u00e9rrez<\/a><\/li>\n<\/ul>\n<p>BREVES (CON HUMOR)<\/p>\n<ul>\n<li><a href=\"http:\/\/www.subverso.es\/?p=1104\">Hallados restos de coca\u00edna en varias met\u00e1foras<\/a>, por Xavi Puig<\/li>\n<li><a href=\"http:\/\/www.subverso.es\/?p=1032\">Un poema en mal estado intoxica a 13 personas de melancol\u00eda<\/a>, por Kike Garc\u00eda<\/li>\n<\/ul>\n<p>ANTOLOG\u00cdA<\/p>\n<ul>\n<li><a href=\"http:\/\/www.subverso.es\/?p=320\">Stendhal en la iglesia de la Santa Croce en Florencia<\/a><\/li>\n<li><a href=\"http:\/\/www.subverso.es\/?p=1151\">Cervantes y Pessoa a la luz de la paradoja de Diderot<\/a><\/li>\n<li><a href=\"http:\/\/www.subverso.es\/?p=1164\">Cualidades del buen consejero<\/a><\/li>\n<li><a href=\"http:\/\/www.subverso.es\/?p=1161\">Pr\u00f3diga en producir \/celosa en conservar<\/a><\/li>\n<\/ul>\n<p>ACTUALIDAD<\/p>\n<ul>\n<li><a href=\"http:\/\/www.subverso.es\/?p=845\">Plagios, falsificaciones, intertextualidades\u2026 y (c)rea(c)ci\u00f3n<\/a><\/li>\n<li><a href=\"http:\/\/www.subverso.es\/?p=834\">Adi\u00f3s a Medardo Fraile<\/a><\/li>\n<li><a href=\"http:\/\/www.subverso.es\/?p=801\">Coru\u00f1aMay\u00fascula 2013<\/a><\/li>\n<li><a href=\"http:\/\/www.subverso.es\/?p=621\">Olvid\u00e9 decirte que apagras el horno<\/a><\/li>\n<li><a href=\"http:\/\/www.subverso.es\/?p=896\">La milana bonita. Un proyecto brillante e innovador<\/a>, por <a title=\"Posts por victor victor\" href=\"http:\/\/www.subverso.es\/?author=9\">V\u00edctor Guti\u00e9rrez Sanz<\/a><\/li>\n<li><a href=\"http:\/\/www.subverso.es\/?p=1112\">La necesidad del pensamiento cr\u00edtico<\/a><\/li>\n<li><a href=\"http:\/\/www.subverso.es\/?p=1044\">Portal Miguel Delibes<\/a><\/li>\n<li><a href=\"http:\/\/www.subverso.es\/?p=1037\">Ovejero, premio Alfaguara de novela<\/a><\/li>\n<li><a href=\"http:\/\/www.subverso.es\/?p=241\">La ciudad contempor\u00e1nea para tres millones de habitantes<\/a>, Francisco Silvera<\/li>\n<li><a href=\"http:\/\/www.subverso.es\/?p=940\">El santo ambulante<\/a>, por <a title=\"Posts por Jos\u00e9 Manuel de la Huerga\" href=\"http:\/\/www.subverso.es\/?author=27\">Jos\u00e9 Manuel de la Huerga<\/a><\/li>\n<li><a href=\"http:\/\/www.subverso.es\/?p=935\">Caza<\/a>, por <a title=\"Posts por Alejandro Ruiz\" href=\"http:\/\/www.subverso.es\/?author=28\">Alejandro Ruiz<\/a><\/li>\n<\/ul>\n<p>&nbsp;<\/p>\n","protected":false},"excerpt":{"rendered":"<p>ARTES DE LA PALABRA NARRATIVA Dos microrrelatos y un miniep\u00edlogo, por \u00d3scar Esquivias BLANCORES PARA UN \u00c1NGEL, por Jos\u00e9 Jim\u00e9nez Lozano \u201cLos otros\u201d y \u201cPaisajes en la batalla\u201d, por Yolanda Izard El malec\u00f3n 1975, por Pilar Salamanca \u00c1ngeles arcabuceros, por Alice Vel\u00e1zquez-Bellot Tren, por Luis Marig\u00f3mez La ciudad contempor\u00e1nea para tres millones de habitantes, Francisco Silvera El santo ambulante, por Jos\u00e9 Manuel de la Huerga Caza, por Alejandro Ruiz &nbsp; POES\u00cdA Poeta, \u00a0por Julio Alfredo Egea HOTEL, por Paola Cadena Yo soy un gato, t\u00fa un humano, por Pilar Rubio Montaner &nbsp; OTROS G\u00c9NEROS Paseo fantasmal por Salamanca con don Miguel de Unamuno. Parte I, por Luis Garc\u00eda Jambrina ARTES DE LA IMAGEN COMIC Marianela, de Gald\u00f3s, en Comic, por Rayco Pulido Rodr\u00edguez Esteban Hern\u00e1ndez PINTURA El huerto de Bustr\u00f3fedon por Jorge Praga Conteniendo el aliento por \u00c1ngelica Tanarro FOTOGRAF\u00cdA Fotograf\u00eda abstracta por Jos\u00e9 Carlos Blasco CINE Los amantes pasajeros, por Jorge Praga Fin, por Juan Varo VIDEO El cambio, de Dyer ILUSTRACI\u00d3N La ratita convertida en ni\u00f1a, por Mar\u00eda Varela D\u00edez CULTURA La venta de libros electr\u00f3nicos a bibliotecas (pr\u00e9stamo de\u00a0 @ntinomiaslibro) RESE\u00d1AS El r\u00edo del Ed\u00e9n, de Jos\u00e9 Mar\u00eda Merino, y la nostalgia de los cuentos, por Yolanda [&hellip;]<\/p>\n","protected":false},"author":3,"featured_media":0,"parent":514,"menu_order":0,"comment_status":"open","ping_status":"open","template":"","meta":{"ngg_post_thumbnail":0},"_links":{"self":[{"href":"http:\/\/www.subverso.es\/index.php?rest_route=\/wp\/v2\/pages\/904"}],"collection":[{"href":"http:\/\/www.subverso.es\/index.php?rest_route=\/wp\/v2\/pages"}],"about":[{"href":"http:\/\/www.subverso.es\/index.php?rest_route=\/wp\/v2\/types\/page"}],"author":[{"embeddable":true,"href":"http:\/\/www.subverso.es\/index.php?rest_route=\/wp\/v2\/users\/3"}],"replies":[{"embeddable":true,"href":"http:\/\/www.subverso.es\/index.php?rest_route=%2Fwp%2Fv2%2Fcomments&post=904"}],"version-history":[{"count":10,"href":"http:\/\/www.subverso.es\/index.php?rest_route=\/wp\/v2\/pages\/904\/revisions"}],"predecessor-version":[{"id":910,"href":"http:\/\/www.subverso.es\/index.php?rest_route=\/wp\/v2\/pages\/904\/revisions\/910"}],"up":[{"embeddable":true,"href":"http:\/\/www.subverso.es\/index.php?rest_route=\/wp\/v2\/pages\/514"}],"wp:attachment":[{"href":"http:\/\/www.subverso.es\/index.php?rest_route=%2Fwp%2Fv2%2Fmedia&parent=904"}],"curies":[{"name":"wp","href":"https:\/\/api.w.org\/{rel}","templated":true}]}}